{"id":117,"date":"2025-01-17T17:26:47","date_gmt":"2025-01-17T17:26:47","guid":{"rendered":"https:\/\/8enhc3enhq.web.ua.pt\/?page_id=117"},"modified":"2025-03-03T19:41:03","modified_gmt":"2025-03-03T19:41:03","slug":"comissoes","status":"publish","type":"page","link":"https:\/\/8enhc3enhq.web.ua.pt\/?page_id=117","title":{"rendered":"Comiss\u00f5es"},"content":{"rendered":"\n<h2 class=\"wp-block-heading has-accent-3-color has-text-color has-link-color wp-elements-f16c9454e3b11369830a0fc09ada74c9\">Comiss\u00e3o Organizadora<\/h2>\n\n\n\n<div style=\"height:20px\" aria-hidden=\"true\" class=\"wp-block-spacer\"><\/div>\n\n\n\n<p>Isabel Malaquias (coord.) &#8211; Universidade de Aveiro<\/p>\n\n\n\n<p>Helmuth Malonek &#8211; Universidade de Aveiro<\/p>\n\n\n\n<p>V\u00edtor Bonif\u00e1cio &#8211; Universidade de Aveiro<\/p>\n\n\n\n<p>Jo\u00e3o Oliveira &#8211; Universidade de Aveiro<\/p>\n\n\n\n<p>Ant\u00f3nio Andrade &#8211; Universidade de Aveiro<\/p>\n\n\n\n<p>Jos\u00e9 Ferraz Caetano &#8211; Universidade do Porto<\/p>\n\n\n\n<div style=\"height:50px\" aria-hidden=\"true\" class=\"wp-block-spacer\"><\/div>\n\n\n\n<h2 class=\"wp-block-heading has-accent-3-color has-text-color has-link-color wp-elements-336607d1482b7256ce0d617634778561\">Comiss\u00e3o Cient\u00edfica<\/h2>\n\n\n\n<div style=\"height:20px\" aria-hidden=\"true\" class=\"wp-block-spacer\"><\/div>\n\n\n\n<p>Ant\u00f3nio Amorim da Costa &#8211; Universidade de Coimbra<\/p>\n\n\n\n<p>Ant\u00f3nio Andrade &#8211; Universidade de Aveiro<\/p>\n\n\n\n<p>D\u00e9cio Ruivo Martins &#8211; Universidade de Coimbra<\/p>\n\n\n\n<p>Fernando Figueiredo &#8211; Universidade de Coimbra<\/p>\n\n\n\n<p>Helmuth Malonek &#8211; Universidade de Aveiro<\/p>\n\n\n\n<p>Isabel Malaquias (coord.)- Universidade de Aveiro<\/p>\n\n\n\n<p>Jo\u00e3o Oliveira &#8211; Universidade de Aveiro<\/p>\n\n\n\n<p>Jo\u00e3o Paulo Andr\u00e9 &#8211; Universidade do Minho<\/p>\n\n\n\n<p>Jo\u00e3o Rui Pita &#8211; Universidade de Coimbra<\/p>\n\n\n\n<p>Maria Elvira Callapez &#8211; Universidades de Lisboa \/ California, Berkeley<\/p>\n\n\n\n<p>Maria de F\u00e1tima Nunes &#8211; Universidade de \u00c9vora<\/p>\n\n\n\n<p>Maria Paula Diogo &#8211; Universidade NOVA de Lisboa<\/p>\n\n\n\n<p>Quintino Lopes &#8211; Universidade de \u00c9vora<\/p>\n\n\n\n<p>S\u00e9rgio Rodrigues &#8211; Universidade de Coimbra<\/p>\n\n\n\n<p>V\u00edtor Bonif\u00e1cio &#8211; Universidade de Aveiro<\/p>\n\n\n\n<div style=\"height:50px\" aria-hidden=\"true\" class=\"wp-block-spacer\"><\/div>\n\n\n\n<h2 class=\"wp-block-heading has-accent-3-color has-text-color has-link-color wp-elements-5f3c7333ffe7436152572f3b1790a680\">Apoio \u00e0 Organiza\u00e7\u00e3o<\/h2>\n\n\n\n<div style=\"height:20px\" aria-hidden=\"true\" class=\"wp-block-spacer\"><\/div>\n\n\n\n<p>Joana Pereira &#8211; Universidade de Aveiro<\/p>\n\n\n\n<p><\/p>\n\n\n\n<div class=\"wp-block-cover alignfull\" style=\"padding-top:var(--wp--preset--spacing--50);padding-right:var(--wp--preset--spacing--50);padding-bottom:var(--wp--preset--spacing--50);padding-left:var(--wp--preset--spacing--50);min-height:100vh;aspect-ratio:unset;\"><span aria-hidden=\"true\" class=\"wp-block-cover__background has-base-background-color has-background-dim-0 has-background-dim\"><\/span><img loading=\"lazy\" decoding=\"async\" width=\"4961\" height=\"3508\" class=\"wp-block-cover__image-background wp-image-329\" alt=\"\" src=\"https:\/\/8enhc3enhq.web.ua.pt\/wp-content\/uploads\/2025\/01\/202501_imagem-evento_02-2.png\" data-object-fit=\"cover\" srcset=\"https:\/\/8enhc3enhq.web.ua.pt\/wp-content\/uploads\/2025\/01\/202501_imagem-evento_02-2.png 4961w, https:\/\/8enhc3enhq.web.ua.pt\/wp-content\/uploads\/2025\/01\/202501_imagem-evento_02-2-300x212.png 300w, https:\/\/8enhc3enhq.web.ua.pt\/wp-content\/uploads\/2025\/01\/202501_imagem-evento_02-2-1024x724.png 1024w, https:\/\/8enhc3enhq.web.ua.pt\/wp-content\/uploads\/2025\/01\/202501_imagem-evento_02-2-768x543.png 768w, https:\/\/8enhc3enhq.web.ua.pt\/wp-content\/uploads\/2025\/01\/202501_imagem-evento_02-2-1536x1086.png 1536w, https:\/\/8enhc3enhq.web.ua.pt\/wp-content\/uploads\/2025\/01\/202501_imagem-evento_02-2-2048x1448.png 2048w\" sizes=\"auto, (max-width: 4961px) 100vw, 4961px\" \/><div class=\"wp-block-cover__inner-container has-global-padding is-layout-constrained wp-container-core-cover-is-layout-1 wp-block-cover-is-layout-constrained\">\n<div style=\"height:500px\" aria-hidden=\"true\" class=\"wp-block-spacer\"><\/div>\n<\/div><\/div>\n","protected":false},"excerpt":{"rendered":"<p>Comiss\u00e3o Organizadora Isabel Malaquias (coord.) &#8211; Universidade de Aveiro Helmuth Malonek &#8211; Universidade de Aveiro V\u00edtor Bonif\u00e1cio &#8211; Universidade de Aveiro Jo\u00e3o Oliveira &#8211; Universidade de Aveiro Ant\u00f3nio Andrade &#8211; Universidade de Aveiro Jos\u00e9 Ferraz Caetano &#8211; Universidade do Porto Comiss\u00e3o Cient\u00edfica Ant\u00f3nio Amorim da Costa &#8211; Universidade de Coimbra Ant\u00f3nio Andrade &#8211; Universidade de [&hellip;]<\/p>\n","protected":false},"author":3,"featured_media":0,"parent":0,"menu_order":7,"comment_status":"closed","ping_status":"closed","template":"","meta":{"footnotes":""},"class_list":["post-117","page","type-page","status-publish","hentry"],"_links":{"self":[{"href":"https:\/\/8enhc3enhq.web.ua.pt\/index.php?rest_route=\/wp\/v2\/pages\/117","targetHints":{"allow":["GET"]}}],"collection":[{"href":"https:\/\/8enhc3enhq.web.ua.pt\/index.php?rest_route=\/wp\/v2\/pages"}],"about":[{"href":"https:\/\/8enhc3enhq.web.ua.pt\/index.php?rest_route=\/wp\/v2\/types\/page"}],"author":[{"embeddable":true,"href":"https:\/\/8enhc3enhq.web.ua.pt\/index.php?rest_route=\/wp\/v2\/users\/3"}],"replies":[{"embeddable":true,"href":"https:\/\/8enhc3enhq.web.ua.pt\/index.php?rest_route=%2Fwp%2Fv2%2Fcomments&post=117"}],"version-history":[{"count":17,"href":"https:\/\/8enhc3enhq.web.ua.pt\/index.php?rest_route=\/wp\/v2\/pages\/117\/revisions"}],"predecessor-version":[{"id":777,"href":"https:\/\/8enhc3enhq.web.ua.pt\/index.php?rest_route=\/wp\/v2\/pages\/117\/revisions\/777"}],"wp:attachment":[{"href":"https:\/\/8enhc3enhq.web.ua.pt\/index.php?rest_route=%2Fwp%2Fv2%2Fmedia&parent=117"}],"curies":[{"name":"wp","href":"https:\/\/api.w.org\/{rel}","templated":true}]}}