{"id":196,"date":"2025-01-17T18:06:32","date_gmt":"2025-01-17T18:06:32","guid":{"rendered":"https:\/\/8enhc3enhq.web.ua.pt\/?page_id=196"},"modified":"2025-07-15T17:31:02","modified_gmt":"2025-07-15T17:31:02","slug":"local","status":"publish","type":"page","link":"https:\/\/8enhc3enhq.web.ua.pt\/?page_id=196","title":{"rendered":"Local"},"content":{"rendered":"\n<figure class=\"wp-block-image size-large\"><img loading=\"lazy\" decoding=\"async\" width=\"1024\" height=\"371\" src=\"https:\/\/8enhc3enhq.web.ua.pt\/wp-content\/uploads\/2025\/01\/202501_imagem-evento_02_part-2-1024x371.png\" alt=\"\" class=\"wp-image-422\" srcset=\"https:\/\/8enhc3enhq.web.ua.pt\/wp-content\/uploads\/2025\/01\/202501_imagem-evento_02_part-2-1024x371.png 1024w, https:\/\/8enhc3enhq.web.ua.pt\/wp-content\/uploads\/2025\/01\/202501_imagem-evento_02_part-2-300x109.png 300w, https:\/\/8enhc3enhq.web.ua.pt\/wp-content\/uploads\/2025\/01\/202501_imagem-evento_02_part-2-768x278.png 768w, https:\/\/8enhc3enhq.web.ua.pt\/wp-content\/uploads\/2025\/01\/202501_imagem-evento_02_part-2-1536x557.png 1536w, https:\/\/8enhc3enhq.web.ua.pt\/wp-content\/uploads\/2025\/01\/202501_imagem-evento_02_part-2-2048x743.png 2048w\" sizes=\"auto, (max-width: 1024px) 100vw, 1024px\" \/><\/figure>\n\n\n\n<div class=\"wp-block-group alignfull has-accent-2-background-color has-background has-global-padding is-layout-constrained wp-container-core-group-is-layout-1 wp-block-group-is-layout-constrained\" style=\"margin-top:0;margin-bottom:0;padding-top:var(--wp--preset--spacing--50);padding-right:var(--wp--preset--spacing--50);padding-bottom:var(--wp--preset--spacing--50);padding-left:var(--wp--preset--spacing--50)\">\n<div class=\"wp-block-columns alignwide is-layout-flex wp-container-core-columns-is-layout-1 wp-block-columns-is-layout-flex\">\n<div class=\"wp-block-column is-vertically-aligned-center is-layout-flow wp-block-column-is-layout-flow\" style=\"flex-basis:60%\">\n<iframe src=\"https:\/\/www.google.com\/maps\/embed?pb=!1m18!1m12!1m3!1d3027.992753828805!2d-8.659180123435812!3d40.630041771406056!2m3!1f0!2f0!3f0!3m2!1i1024!2i768!4f13.1!3m3!1m2!1s0xd23a389b58162e7%3A0xcd447a47e823e3f!2sAnfiteatro%20do%20DFis!5e0!3m2!1spt-PT!2spt!4v1752600512886!5m2!1spt-PT!2spt\" width=\"600\" height=\"450\" style=\"border:0;\" allowfullscreen=\"\" loading=\"lazy\" referrerpolicy=\"no-referrer-when-downgrade\"><\/iframe>\n<\/div>\n\n\n\n<div class=\"wp-block-column is-layout-flow wp-block-column-is-layout-flow\" style=\"flex-basis:40%\">\n<h2 class=\"wp-block-heading\">Universidade de Aveiro<\/h2>\n\n\n\n<p>As sess\u00f5es ter\u00e3o lugar no Anfiteatro do DFis,\u00a0estrutura exterior, localizada \u00e0 direita do <a href=\"https:\/\/www.ua.pt\/pt\/FIS\">Departamento de F\u00edsica<\/a> da Universidade de Aveiro.<\/p>\n\n\n\n<p>Poder\u00e1 descarregar <a href=\"https:\/\/www.ua.pt\/file\/58901\" target=\"_blank\" rel=\"noreferrer noopener\">aqui<\/a> o mapa do campus. O Departamento de F\u00edsica corresponde ao edif\u00edcio 13.<\/p>\n<\/div>\n<\/div>\n<\/div>\n\n\n\n<div class=\"wp-block-group alignfull has-global-padding is-layout-constrained wp-container-core-group-is-layout-6 wp-block-group-is-layout-constrained\" style=\"padding-top:var(--wp--preset--spacing--50);padding-right:var(--wp--preset--spacing--50);padding-bottom:var(--wp--preset--spacing--50);padding-left:var(--wp--preset--spacing--50)\">\n<div class=\"wp-block-columns alignwide is-layout-flex wp-container-core-columns-is-layout-2 wp-block-columns-is-layout-flex\">\n<div class=\"wp-block-column is-layout-flow wp-block-column-is-layout-flow\" style=\"flex-basis:33%\">\n<p class=\"has-heading-font-family has-large-font-size\" style=\"line-height:1.2\">Como chegar<\/p>\n<\/div>\n\n\n\n<div class=\"wp-block-column is-layout-flow wp-container-core-column-is-layout-4 wp-block-column-is-layout-flow\">\n<div class=\"wp-block-group is-nowrap is-layout-flex wp-container-core-group-is-layout-4 wp-block-group-is-layout-flex\">\n<div class=\"wp-block-group is-vertical is-content-justification-left is-nowrap is-layout-flex wp-container-core-group-is-layout-2 wp-block-group-is-layout-flex\">\n<p style=\"font-style:normal;font-weight:500\"><strong>Do Porto para Aveiro<\/strong><\/p>\n\n\n\n<p>Se estiver a voar para o Porto, a melhor forma de viajar para Aveiro \u00e9 de <a href=\"https:\/\/www.cp.pt\/passageiros\/en\/train-times\" target=\"_blank\" rel=\"noreferrer noopener\">comboio<\/a> (aproximadamente 1h de viagem). A melhor esta\u00e7\u00e3o para esta viagem \u00e9 Porto-Campanh\u00e3. O percurso do aeroporto do Porto para a esta\u00e7\u00e3o Porto-Campanh\u00e3 pode ser feita de t\u00e1xi\/Uber ou via metro (mais econ\u00f3mica, dura\u00e7\u00e3o de cerca de 40 minutos). Poder\u00e1 apanhar o <a href=\"http:\/\/en.metrodoporto.pt\/\" target=\"_blank\" rel=\"noreferrer noopener\">metro<\/a> \u00e0 sa\u00edda do areoporto em dire\u00e7\u00e3o a Porto-Campanh\u00e3, onde encontrar\u00e1 comboios regulares para Aveiro. A op\u00e7\u00e3o mais econ\u00f3mica ser\u00e3o os comboios urbanos (U). A mais r\u00e1pida (mas menos econ\u00f3mica) ser\u00e1 apanhar o comboio Alfa Pendular (AP).<\/p>\n<\/div>\n\n\n\n<div class=\"wp-block-group is-vertical is-nowrap is-layout-flex wp-container-core-group-is-layout-3 wp-block-group-is-layout-flex\">\n<p style=\"font-style:normal;font-weight:500\"><strong>De Lisboa para Aveiro<\/strong><\/p>\n\n\n\n<p>Se estiver a voar para Lisboa, a melhor forma de viajar para Aveiro \u00e9 tamb\u00e9m de <a href=\"https:\/\/www.cp.pt\/passageiros\/en\/train-times\" target=\"_blank\" rel=\"noreferrer noopener\">comboio<\/a> (aproximadamente 2h30m de viagem). A melhor esta\u00e7\u00e3o de Lisboa para esta viagem \u00e9 Lisboa-Oriente. O percurso do aeroporto de Lisboa para a esta\u00e7\u00e3o Lisboa-Oriente pode ser feita de <a>autocarro<\/a>, t\u00e1xi\/Uber or de metro (mais econ\u00f3mica, dura\u00e7\u00e3o de cerca de 15 minutos). Poder\u00e1 apanhar o <a href=\"http:\/\/www.metrolisboa.pt\/eng\/\" target=\"_blank\" rel=\"noreferrer noopener\">metro<\/a> \u00e0 sa\u00edda do aeroporto em dire\u00e7\u00e3o a Lisboa-Oriente, onde encontrar\u00e1 comboios regulares para Aveiro. op\u00e7\u00e3o mais econ\u00f3mica ser\u00e3o os comboios Intercidades (IC). A mais r\u00e1pida (mas menos econ\u00f3mica) ser\u00e1 apanhar o comboio Alfa Pendular (AP).<\/p>\n<\/div>\n<\/div>\n\n\n\n<div class=\"wp-block-group is-nowrap is-layout-flex wp-container-core-group-is-layout-5 wp-block-group-is-layout-flex\">\n<p><strong>Da esta\u00e7\u00e3o de Aveiro para a Universidade de Aveiro<\/strong><br><br>A esta\u00e7\u00e3o de comboios de Aveiro est\u00e1 a cerca de 2 km do Complexo Pedag\u00f3gico da Universidade de Aveiro. Poder\u00e1 fazer esta viagem a p\u00e9 (aproximadamente 30 minutos), autocarro, t\u00e1xi ou Uber. Para o efeito, dever\u00e1 sair da esta\u00e7\u00e3o pela porta da frente, onde encontrar\u00e1 um belo painel de azulejos.<\/p>\n<\/div>\n<\/div>\n<\/div>\n<\/div>\n","protected":false},"excerpt":{"rendered":"<p>Universidade de Aveiro As sess\u00f5es ter\u00e3o lugar no Anfiteatro do DFis,\u00a0estrutura exterior, localizada \u00e0 direita do Departamento de F\u00edsica da Universidade de Aveiro. Poder\u00e1 descarregar aqui o mapa do campus. O Departamento de F\u00edsica corresponde ao edif\u00edcio 13. Como chegar Do Porto para Aveiro Se estiver a voar para o Porto, a melhor forma de [&hellip;]<\/p>\n","protected":false},"author":1,"featured_media":0,"parent":0,"menu_order":8,"comment_status":"closed","ping_status":"closed","template":"","meta":{"footnotes":""},"class_list":["post-196","page","type-page","status-publish","hentry"],"_links":{"self":[{"href":"https:\/\/8enhc3enhq.web.ua.pt\/index.php?rest_route=\/wp\/v2\/pages\/196","targetHints":{"allow":["GET"]}}],"collection":[{"href":"https:\/\/8enhc3enhq.web.ua.pt\/index.php?rest_route=\/wp\/v2\/pages"}],"about":[{"href":"https:\/\/8enhc3enhq.web.ua.pt\/index.php?rest_route=\/wp\/v2\/types\/page"}],"author":[{"embeddable":true,"href":"https:\/\/8enhc3enhq.web.ua.pt\/index.php?rest_route=\/wp\/v2\/users\/1"}],"replies":[{"embeddable":true,"href":"https:\/\/8enhc3enhq.web.ua.pt\/index.php?rest_route=%2Fwp%2Fv2%2Fcomments&post=196"}],"version-history":[{"count":11,"href":"https:\/\/8enhc3enhq.web.ua.pt\/index.php?rest_route=\/wp\/v2\/pages\/196\/revisions"}],"predecessor-version":[{"id":899,"href":"https:\/\/8enhc3enhq.web.ua.pt\/index.php?rest_route=\/wp\/v2\/pages\/196\/revisions\/899"}],"wp:attachment":[{"href":"https:\/\/8enhc3enhq.web.ua.pt\/index.php?rest_route=%2Fwp%2Fv2%2Fmedia&parent=196"}],"curies":[{"name":"wp","href":"https:\/\/api.w.org\/{rel}","templated":true}]}}