{"id":218,"date":"2025-02-26T22:56:46","date_gmt":"2025-02-26T22:56:46","guid":{"rendered":"https:\/\/8enhc3enhq.web.ua.pt\/?page_id=218"},"modified":"2025-07-08T14:06:33","modified_gmt":"2025-07-08T14:06:33","slug":"apoio","status":"publish","type":"page","link":"https:\/\/8enhc3enhq.web.ua.pt\/?page_id=218","title":{"rendered":"Apoio"},"content":{"rendered":"\n<div style=\"height:var(--wp--preset--spacing--50)\" aria-hidden=\"true\" class=\"wp-block-spacer\"><\/div>\n\n\n\n<div class=\"wp-block-group alignwide has-global-padding is-layout-constrained wp-block-group-is-layout-constrained\">\n<p class=\"has-medium-font-size\">Financiado por Fundos Nacionais atrav\u00e9s da FCT \u2013 Funda\u00e7\u00e3o para a Ci\u00eancia e a Tecnologia, I.P., no \u00e2mbito do projeto UIDB\/00194\/2020 (<a href=\"https:\/\/doi.org\/10.54499\/UIDB\/00194\/2020\" target=\"_blank\" rel=\"noreferrer noopener\">https:\/\/doi.org\/10.54499\/UIDB\/00194\/2020<\/a>).<\/p>\n<\/div>\n\n\n\n<div class=\"wp-block-group alignfull has-global-padding is-layout-constrained wp-container-core-group-is-layout-2 wp-block-group-is-layout-constrained\" style=\"margin-top:0;margin-bottom:0;padding-top:var(--wp--preset--spacing--50);padding-right:var(--wp--preset--spacing--50);padding-bottom:var(--wp--preset--spacing--50);padding-left:var(--wp--preset--spacing--50)\">\n<div class=\"wp-block-columns alignwide is-layout-flex wp-container-core-columns-is-layout-1 wp-block-columns-is-layout-flex\" style=\"margin-top:0;margin-bottom:0\">\n<div class=\"wp-block-column is-layout-flow wp-container-core-column-is-layout-1 wp-block-column-is-layout-flow\">\n<figure class=\"wp-block-image aligncenter size-large is-resized is-style-rounded is-style-rounded--1\"><a href=\"https:\/\/www.fct.pt\/\" target=\"_blank\" rel=\" noreferrer noopener\"><img loading=\"lazy\" decoding=\"async\" width=\"1024\" height=\"576\" src=\"https:\/\/8enhc3enhq.web.ua.pt\/wp-content\/uploads\/2024\/12\/2022_FCT_Logo_B_horizontal_preto-1024x576.png\" alt=\"\" class=\"wp-image-206\" style=\"aspect-ratio:1.3333333333333333;object-fit:cover;width:158px;height:auto\" srcset=\"https:\/\/8enhc3enhq.web.ua.pt\/wp-content\/uploads\/2024\/12\/2022_FCT_Logo_B_horizontal_preto-1024x576.png 1024w, https:\/\/8enhc3enhq.web.ua.pt\/wp-content\/uploads\/2024\/12\/2022_FCT_Logo_B_horizontal_preto-300x169.png 300w, https:\/\/8enhc3enhq.web.ua.pt\/wp-content\/uploads\/2024\/12\/2022_FCT_Logo_B_horizontal_preto-768x432.png 768w, https:\/\/8enhc3enhq.web.ua.pt\/wp-content\/uploads\/2024\/12\/2022_FCT_Logo_B_horizontal_preto-1536x864.png 1536w, https:\/\/8enhc3enhq.web.ua.pt\/wp-content\/uploads\/2024\/12\/2022_FCT_Logo_B_horizontal_preto-2048x1152.png 2048w\" sizes=\"auto, (max-width: 1024px) 100vw, 1024px\" \/><\/a><\/figure>\n\n\n\n<figure class=\"wp-block-image aligncenter size-large is-resized is-style-rounded is-style-rounded--2\"><a href=\"https:\/\/www.spq.pt\/\" target=\"_blank\" rel=\" noreferrer noopener\"><img loading=\"lazy\" decoding=\"async\" width=\"633\" height=\"1024\" src=\"https:\/\/8enhc3enhq.web.ua.pt\/wp-content\/uploads\/2025\/01\/LOGO-SPQ-FINAL-RGB-01-633x1024.png\" alt=\"\" class=\"wp-image-236\" style=\"width:84px;height:auto\" srcset=\"https:\/\/8enhc3enhq.web.ua.pt\/wp-content\/uploads\/2025\/01\/LOGO-SPQ-FINAL-RGB-01-633x1024.png 633w, https:\/\/8enhc3enhq.web.ua.pt\/wp-content\/uploads\/2025\/01\/LOGO-SPQ-FINAL-RGB-01-186x300.png 186w, https:\/\/8enhc3enhq.web.ua.pt\/wp-content\/uploads\/2025\/01\/LOGO-SPQ-FINAL-RGB-01-768x1242.png 768w, https:\/\/8enhc3enhq.web.ua.pt\/wp-content\/uploads\/2025\/01\/LOGO-SPQ-FINAL-RGB-01-950x1536.png 950w, https:\/\/8enhc3enhq.web.ua.pt\/wp-content\/uploads\/2025\/01\/LOGO-SPQ-FINAL-RGB-01-1267x2048.png 1267w, https:\/\/8enhc3enhq.web.ua.pt\/wp-content\/uploads\/2025\/01\/LOGO-SPQ-FINAL-RGB-01.png 1363w\" sizes=\"auto, (max-width: 633px) 100vw, 633px\" \/><\/a><\/figure>\n\n\n\n<figure class=\"wp-block-image aligncenter size-large is-resized\"><img loading=\"lazy\" decoding=\"async\" width=\"1024\" height=\"615\" src=\"https:\/\/8enhc3enhq.web.ua.pt\/wp-content\/uploads\/2025\/02\/CIDMA_logotipo-02-1536x922-1-1024x615.png\" alt=\"\" class=\"wp-image-720\" style=\"width:168px;height:auto\" srcset=\"https:\/\/8enhc3enhq.web.ua.pt\/wp-content\/uploads\/2025\/02\/CIDMA_logotipo-02-1536x922-1-1024x615.png 1024w, https:\/\/8enhc3enhq.web.ua.pt\/wp-content\/uploads\/2025\/02\/CIDMA_logotipo-02-1536x922-1-300x180.png 300w, https:\/\/8enhc3enhq.web.ua.pt\/wp-content\/uploads\/2025\/02\/CIDMA_logotipo-02-1536x922-1-768x461.png 768w, https:\/\/8enhc3enhq.web.ua.pt\/wp-content\/uploads\/2025\/02\/CIDMA_logotipo-02-1536x922-1.png 1536w\" sizes=\"auto, (max-width: 1024px) 100vw, 1024px\" \/><\/figure>\n\n\n\n<div style=\"height:104px\" aria-hidden=\"true\" class=\"wp-block-spacer\"><\/div>\n<\/div>\n\n\n\n<div class=\"wp-block-column is-layout-flow wp-container-core-column-is-layout-2 wp-block-column-is-layout-flow\">\n<figure class=\"wp-block-image aligncenter size-large is-style-rounded is-style-rounded--3\"><a href=\"https:\/\/www.ua.pt\/\" target=\"_blank\" rel=\" noreferrer noopener\"><img loading=\"lazy\" decoding=\"async\" width=\"1024\" height=\"372\" src=\"https:\/\/8enhc3enhq.web.ua.pt\/wp-content\/uploads\/2024\/12\/Marca-UA-Vertical-RGB_CORES-1024x372.png\" alt=\"\" class=\"wp-image-48\" srcset=\"https:\/\/8enhc3enhq.web.ua.pt\/wp-content\/uploads\/2024\/12\/Marca-UA-Vertical-RGB_CORES-1024x372.png 1024w, https:\/\/8enhc3enhq.web.ua.pt\/wp-content\/uploads\/2024\/12\/Marca-UA-Vertical-RGB_CORES-300x109.png 300w, https:\/\/8enhc3enhq.web.ua.pt\/wp-content\/uploads\/2024\/12\/Marca-UA-Vertical-RGB_CORES-768x279.png 768w, https:\/\/8enhc3enhq.web.ua.pt\/wp-content\/uploads\/2024\/12\/Marca-UA-Vertical-RGB_CORES.png 1493w\" sizes=\"auto, (max-width: 1024px) 100vw, 1024px\" \/><\/a><\/figure>\n\n\n\n<figure class=\"wp-block-image aligncenter size-full is-resized\"><img loading=\"lazy\" decoding=\"async\" width=\"4080\" height=\"1950\" src=\"https:\/\/8enhc3enhq.web.ua.pt\/wp-content\/uploads\/2025\/01\/dfis_vertical_cores.png\" alt=\"\" class=\"wp-image-239\" style=\"width:206px;height:auto\" srcset=\"https:\/\/8enhc3enhq.web.ua.pt\/wp-content\/uploads\/2025\/01\/dfis_vertical_cores.png 4080w, https:\/\/8enhc3enhq.web.ua.pt\/wp-content\/uploads\/2025\/01\/dfis_vertical_cores-300x143.png 300w, https:\/\/8enhc3enhq.web.ua.pt\/wp-content\/uploads\/2025\/01\/dfis_vertical_cores-1024x489.png 1024w, https:\/\/8enhc3enhq.web.ua.pt\/wp-content\/uploads\/2025\/01\/dfis_vertical_cores-768x367.png 768w, https:\/\/8enhc3enhq.web.ua.pt\/wp-content\/uploads\/2025\/01\/dfis_vertical_cores-1536x734.png 1536w, https:\/\/8enhc3enhq.web.ua.pt\/wp-content\/uploads\/2025\/01\/dfis_vertical_cores-2048x979.png 2048w\" sizes=\"auto, (max-width: 4080px) 100vw, 4080px\" \/><\/figure>\n\n\n\n<figure class=\"wp-block-image aligncenter size-large is-resized is-style-rounded is-style-rounded--4\"><a href=\"https:\/\/www.cesam-la.pt\/\" target=\"_blank\" rel=\" noreferrer noopener\"><img loading=\"lazy\" decoding=\"async\" width=\"1456\" height=\"1092\" src=\"https:\/\/8enhc3enhq.web.ua.pt\/wp-content\/uploads\/2025\/01\/Ua_cesam_policromatico_PT-edited.png\" alt=\"\" class=\"wp-image-251\" style=\"width:144px;height:auto\" srcset=\"https:\/\/8enhc3enhq.web.ua.pt\/wp-content\/uploads\/2025\/01\/Ua_cesam_policromatico_PT-edited.png 1456w, https:\/\/8enhc3enhq.web.ua.pt\/wp-content\/uploads\/2025\/01\/Ua_cesam_policromatico_PT-edited-300x225.png 300w, https:\/\/8enhc3enhq.web.ua.pt\/wp-content\/uploads\/2025\/01\/Ua_cesam_policromatico_PT-edited-1024x768.png 1024w, https:\/\/8enhc3enhq.web.ua.pt\/wp-content\/uploads\/2025\/01\/Ua_cesam_policromatico_PT-edited-768x576.png 768w\" sizes=\"auto, (max-width: 1456px) 100vw, 1456px\" \/><\/a><\/figure>\n<\/div>\n\n\n\n<div class=\"wp-block-column is-layout-flow wp-container-core-column-is-layout-3 wp-block-column-is-layout-flow\">\n<figure class=\"wp-block-image aligncenter size-large\"><img loading=\"lazy\" decoding=\"async\" width=\"1024\" height=\"442\" src=\"https:\/\/8enhc3enhq.web.ua.pt\/wp-content\/uploads\/2025\/06\/logo_sbdim_cores-1024x442.png\" alt=\"\" class=\"wp-image-838\" srcset=\"https:\/\/8enhc3enhq.web.ua.pt\/wp-content\/uploads\/2025\/06\/logo_sbdim_cores-1024x442.png 1024w, https:\/\/8enhc3enhq.web.ua.pt\/wp-content\/uploads\/2025\/06\/logo_sbdim_cores-300x129.png 300w, https:\/\/8enhc3enhq.web.ua.pt\/wp-content\/uploads\/2025\/06\/logo_sbdim_cores-768x331.png 768w, https:\/\/8enhc3enhq.web.ua.pt\/wp-content\/uploads\/2025\/06\/logo_sbdim_cores-1536x662.png 1536w, https:\/\/8enhc3enhq.web.ua.pt\/wp-content\/uploads\/2025\/06\/logo_sbdim_cores.png 1957w\" sizes=\"auto, (max-width: 1024px) 100vw, 1024px\" \/><\/figure>\n\n\n\n<figure class=\"wp-block-image aligncenter size-large is-resized\"><img loading=\"lazy\" decoding=\"async\" width=\"1024\" height=\"471\" src=\"https:\/\/8enhc3enhq.web.ua.pt\/wp-content\/uploads\/2025\/06\/dq_vertical_cores-1024x471.png\" alt=\"\" class=\"wp-image-829\" style=\"width:222px;height:auto\" srcset=\"https:\/\/8enhc3enhq.web.ua.pt\/wp-content\/uploads\/2025\/06\/dq_vertical_cores-1024x471.png 1024w, https:\/\/8enhc3enhq.web.ua.pt\/wp-content\/uploads\/2025\/06\/dq_vertical_cores-300x138.png 300w, https:\/\/8enhc3enhq.web.ua.pt\/wp-content\/uploads\/2025\/06\/dq_vertical_cores-768x353.png 768w, https:\/\/8enhc3enhq.web.ua.pt\/wp-content\/uploads\/2025\/06\/dq_vertical_cores-1536x706.png 1536w, https:\/\/8enhc3enhq.web.ua.pt\/wp-content\/uploads\/2025\/06\/dq_vertical_cores-2048x942.png 2048w\" sizes=\"auto, (max-width: 1024px) 100vw, 1024px\" \/><\/figure>\n\n\n\n<figure class=\"wp-block-image aligncenter size-large is-resized\"><img loading=\"lazy\" decoding=\"async\" width=\"1024\" height=\"512\" src=\"https:\/\/8enhc3enhq.web.ua.pt\/wp-content\/uploads\/2025\/01\/cidtff_Logo-Compacto_cores-PT-1024x512.png\" alt=\"\" class=\"wp-image-242\" style=\"width:169px;height:auto\" srcset=\"https:\/\/8enhc3enhq.web.ua.pt\/wp-content\/uploads\/2025\/01\/cidtff_Logo-Compacto_cores-PT-1024x512.png 1024w, https:\/\/8enhc3enhq.web.ua.pt\/wp-content\/uploads\/2025\/01\/cidtff_Logo-Compacto_cores-PT-300x150.png 300w, https:\/\/8enhc3enhq.web.ua.pt\/wp-content\/uploads\/2025\/01\/cidtff_Logo-Compacto_cores-PT-768x384.png 768w, https:\/\/8enhc3enhq.web.ua.pt\/wp-content\/uploads\/2025\/01\/cidtff_Logo-Compacto_cores-PT.png 1419w\" sizes=\"auto, (max-width: 1024px) 100vw, 1024px\" \/><\/figure>\n<\/div>\n\n\n\n<div class=\"wp-block-column is-layout-flow wp-container-core-column-is-layout-4 wp-block-column-is-layout-flow\">\n<figure class=\"wp-block-image aligncenter size-large is-style-rounded is-style-rounded--5\"><img loading=\"lazy\" decoding=\"async\" width=\"1024\" height=\"458\" src=\"https:\/\/8enhc3enhq.web.ua.pt\/wp-content\/uploads\/2025\/01\/Logo-DEP_sem-fundo-06-1024x458.png\" alt=\"\" class=\"wp-image-245\" srcset=\"https:\/\/8enhc3enhq.web.ua.pt\/wp-content\/uploads\/2025\/01\/Logo-DEP_sem-fundo-06-1024x458.png 1024w, https:\/\/8enhc3enhq.web.ua.pt\/wp-content\/uploads\/2025\/01\/Logo-DEP_sem-fundo-06-300x134.png 300w, https:\/\/8enhc3enhq.web.ua.pt\/wp-content\/uploads\/2025\/01\/Logo-DEP_sem-fundo-06-768x343.png 768w, https:\/\/8enhc3enhq.web.ua.pt\/wp-content\/uploads\/2025\/01\/Logo-DEP_sem-fundo-06-1536x687.png 1536w, https:\/\/8enhc3enhq.web.ua.pt\/wp-content\/uploads\/2025\/01\/Logo-DEP_sem-fundo-06-2048x915.png 2048w\" sizes=\"auto, (max-width: 1024px) 100vw, 1024px\" \/><\/figure>\n\n\n\n<figure class=\"wp-block-image aligncenter size-large is-style-rounded is-style-rounded--6\"><a href=\"https:\/\/www.ua.pt\/pt\/cllc\/\" target=\"_blank\" rel=\" noreferrer noopener\"><img loading=\"lazy\" decoding=\"async\" width=\"1024\" height=\"357\" src=\"https:\/\/8enhc3enhq.web.ua.pt\/wp-content\/uploads\/2025\/01\/cllc_pt_vertical_cores-1024x357.png\" alt=\"\" class=\"wp-image-227\" srcset=\"https:\/\/8enhc3enhq.web.ua.pt\/wp-content\/uploads\/2025\/01\/cllc_pt_vertical_cores-1024x357.png 1024w, https:\/\/8enhc3enhq.web.ua.pt\/wp-content\/uploads\/2025\/01\/cllc_pt_vertical_cores-300x104.png 300w, https:\/\/8enhc3enhq.web.ua.pt\/wp-content\/uploads\/2025\/01\/cllc_pt_vertical_cores-768x267.png 768w, https:\/\/8enhc3enhq.web.ua.pt\/wp-content\/uploads\/2025\/01\/cllc_pt_vertical_cores-1536x535.png 1536w, https:\/\/8enhc3enhq.web.ua.pt\/wp-content\/uploads\/2025\/01\/cllc_pt_vertical_cores-2048x713.png 2048w\" sizes=\"auto, (max-width: 1024px) 100vw, 1024px\" \/><\/a><\/figure>\n\n\n\n<div style=\"height:var(--wp--preset--spacing--50)\" aria-hidden=\"true\" class=\"wp-block-spacer\"><\/div>\n\n\n\n<div style=\"height:var(--wp--preset--spacing--50)\" aria-hidden=\"true\" class=\"wp-block-spacer\"><\/div>\n\n\n\n<div style=\"height:var(--wp--preset--spacing--50)\" aria-hidden=\"true\" class=\"wp-block-spacer\"><\/div>\n<\/div>\n<\/div>\n<\/div>\n","protected":false},"excerpt":{"rendered":"<p>Financiado por Fundos Nacionais atrav\u00e9s da FCT \u2013 Funda\u00e7\u00e3o para a Ci\u00eancia e a Tecnologia, I.P., no \u00e2mbito do projeto UIDB\/00194\/2020 (https:\/\/doi.org\/10.54499\/UIDB\/00194\/2020).<\/p>\n","protected":false},"author":1,"featured_media":0,"parent":0,"menu_order":9,"comment_status":"closed","ping_status":"closed","template":"","meta":{"footnotes":""},"class_list":["post-218","page","type-page","status-publish","hentry"],"_links":{"self":[{"href":"https:\/\/8enhc3enhq.web.ua.pt\/index.php?rest_route=\/wp\/v2\/pages\/218","targetHints":{"allow":["GET"]}}],"collection":[{"href":"https:\/\/8enhc3enhq.web.ua.pt\/index.php?rest_route=\/wp\/v2\/pages"}],"about":[{"href":"https:\/\/8enhc3enhq.web.ua.pt\/index.php?rest_route=\/wp\/v2\/types\/page"}],"author":[{"embeddable":true,"href":"https:\/\/8enhc3enhq.web.ua.pt\/index.php?rest_route=\/wp\/v2\/users\/1"}],"replies":[{"embeddable":true,"href":"https:\/\/8enhc3enhq.web.ua.pt\/index.php?rest_route=%2Fwp%2Fv2%2Fcomments&post=218"}],"version-history":[{"count":13,"href":"https:\/\/8enhc3enhq.web.ua.pt\/index.php?rest_route=\/wp\/v2\/pages\/218\/revisions"}],"predecessor-version":[{"id":877,"href":"https:\/\/8enhc3enhq.web.ua.pt\/index.php?rest_route=\/wp\/v2\/pages\/218\/revisions\/877"}],"wp:attachment":[{"href":"https:\/\/8enhc3enhq.web.ua.pt\/index.php?rest_route=%2Fwp%2Fv2%2Fmedia&parent=218"}],"curies":[{"name":"wp","href":"https:\/\/api.w.org\/{rel}","templated":true}]}}