{"id":27,"date":"2024-12-10T10:40:27","date_gmt":"2024-12-10T10:40:27","guid":{"rendered":"https:\/\/8enhc3enhq.web.ua.pt\/?page_id=27"},"modified":"2025-03-07T15:37:34","modified_gmt":"2025-03-07T15:37:34","slug":"contextualizacao","status":"publish","type":"page","link":"https:\/\/8enhc3enhq.web.ua.pt\/?page_id=27","title":{"rendered":"Contextualiza\u00e7\u00e3o"},"content":{"rendered":"\n<div class=\"wp-block-group alignfull has-accent-2-background-color has-background has-global-padding is-layout-constrained wp-container-core-group-is-layout-1 wp-block-group-is-layout-constrained\" style=\"margin-top:0;margin-bottom:0;padding-top:var(--wp--preset--spacing--50);padding-right:var(--wp--preset--spacing--50);padding-bottom:var(--wp--preset--spacing--50);padding-left:var(--wp--preset--spacing--50)\">\n<figure class=\"wp-block-image alignwide size-large is-style-rounded is-style-rounded--1\"><img loading=\"lazy\" decoding=\"async\" width=\"1024\" height=\"371\" src=\"https:\/\/8enhc3enhq.web.ua.pt\/wp-content\/uploads\/2025\/01\/202501_imagem-evento_02_part-1-1024x371.png\" alt=\"\" class=\"wp-image-314\" srcset=\"https:\/\/8enhc3enhq.web.ua.pt\/wp-content\/uploads\/2025\/01\/202501_imagem-evento_02_part-1-1024x371.png 1024w, https:\/\/8enhc3enhq.web.ua.pt\/wp-content\/uploads\/2025\/01\/202501_imagem-evento_02_part-1-300x109.png 300w, https:\/\/8enhc3enhq.web.ua.pt\/wp-content\/uploads\/2025\/01\/202501_imagem-evento_02_part-1-768x278.png 768w, https:\/\/8enhc3enhq.web.ua.pt\/wp-content\/uploads\/2025\/01\/202501_imagem-evento_02_part-1-1536x557.png 1536w, https:\/\/8enhc3enhq.web.ua.pt\/wp-content\/uploads\/2025\/01\/202501_imagem-evento_02_part-1-2048x743.png 2048w\" sizes=\"auto, (max-width: 1024px) 100vw, 1024px\" \/><\/figure>\n\n\n\n<div class=\"wp-block-columns alignwide is-layout-flex wp-container-core-columns-is-layout-1 wp-block-columns-is-layout-flex\">\n<div class=\"wp-block-column is-layout-flow wp-block-column-is-layout-flow\" style=\"flex-basis:40%\">\n<p class=\"has-contrast-2-color has-text-color has-link-color wp-elements-9338128fd0916f2088b0f0e8b7e4625b wp-container-content-1\"><strong>CONTEXTUALIZA\u00c7\u00c3O<\/strong><\/p>\n<\/div>\n\n\n\n<div class=\"wp-block-column is-layout-flow wp-block-column-is-layout-flow\" style=\"flex-basis:60%\">\n<p>O 8.\u00ba Encontro Nacional de Hist\u00f3ria das Ci\u00eancias e Tecnologia decorrer\u00e1 na Universidade de Aveiro, de 1 a 3 de setembro de 2025. Em simult\u00e2neo, realizar-se-\u00e1 o 3.\u00ba Encontro Nacional de Hist\u00f3ria da Qu\u00edmica, do Grupo de Hist\u00f3ria da Qu\u00edmica da Sociedade Portuguesa de Qu\u00edmica (SPQ), dada a converg\u00eancia esp\u00e1cio-temporal das duas confer\u00eancias. Em ambos os casos, pretende-se o desenvolvimento de um espa\u00e7o de encontro e reflex\u00e3o entre historiadores das ci\u00eancias e interessados pelo desenvolvimento hist\u00f3rico das v\u00e1rias ci\u00eancias.<\/p>\n\n\n\n<p>O 8.\u00ba Encontro regista j\u00e1 uma exist\u00eancia de mais de uma d\u00e9cada, tendo o 1.\u00ba Encontro Nacional tido lugar, em 2009, no Centro Cultural de Macau, em Lisboa, seguido em 2010, pelo 2.\u00ba Encontro Nacional, que se realizou na Universidade de Lisboa. Seguidamente, estabeleceu-se uma periodicidade bianual, que foi mantida at\u00e9 2018, tendo sido institui\u00e7\u00f5es de acolhimento, a Universidade de \u00c9vora, a Universidade de Aveiro, a Universidade de Coimbra, a Universidade Nova de Lisboa. O segundo ciclo de rota\u00e7\u00e3o foi perturbado pela ocorr\u00eancia da pandemia COVID19, registando-se, no per\u00edodo p\u00f3s-pandemia, o regresso que ocorreu, em 2023, na Universidade de \u00c9vora.<\/p>\n\n\n\n<p>Cabe, em 2025, \u00e0 Universidade de Aveiro conduzir o testemunho de uma \u00e1rea que tem vindo a desenvolver-se com mais vigor nestes \u00faltimos quinze anos e a que se junta a \u00e1rea mais espec\u00edfica da hist\u00f3ria da qu\u00edmica, que pontua o seu 3.\u00ba Encontro Nacional, no \u00e2mbito do Grupo de Hist\u00f3ria da Qu\u00edmica da SPQ, pela primeira vez em formato presencial.<\/p>\n<\/div>\n<\/div>\n<\/div>\n\n\n\n<p><\/p>\n","protected":false},"excerpt":{"rendered":"<p>CONTEXTUALIZA\u00c7\u00c3O O 8.\u00ba Encontro Nacional de Hist\u00f3ria das Ci\u00eancias e Tecnologia decorrer\u00e1 na Universidade de Aveiro, de 1 a 3 de setembro de 2025. Em simult\u00e2neo, realizar-se-\u00e1 o 3.\u00ba Encontro Nacional de Hist\u00f3ria da Qu\u00edmica, do Grupo de Hist\u00f3ria da Qu\u00edmica da Sociedade Portuguesa de Qu\u00edmica (SPQ), dada a converg\u00eancia esp\u00e1cio-temporal das duas confer\u00eancias. Em [&hellip;]<\/p>\n","protected":false},"author":1,"featured_media":0,"parent":0,"menu_order":1,"comment_status":"closed","ping_status":"closed","template":"","meta":{"footnotes":""},"class_list":["post-27","page","type-page","status-publish","hentry"],"_links":{"self":[{"href":"https:\/\/8enhc3enhq.web.ua.pt\/index.php?rest_route=\/wp\/v2\/pages\/27","targetHints":{"allow":["GET"]}}],"collection":[{"href":"https:\/\/8enhc3enhq.web.ua.pt\/index.php?rest_route=\/wp\/v2\/pages"}],"about":[{"href":"https:\/\/8enhc3enhq.web.ua.pt\/index.php?rest_route=\/wp\/v2\/types\/page"}],"author":[{"embeddable":true,"href":"https:\/\/8enhc3enhq.web.ua.pt\/index.php?rest_route=\/wp\/v2\/users\/1"}],"replies":[{"embeddable":true,"href":"https:\/\/8enhc3enhq.web.ua.pt\/index.php?rest_route=%2Fwp%2Fv2%2Fcomments&post=27"}],"version-history":[{"count":14,"href":"https:\/\/8enhc3enhq.web.ua.pt\/index.php?rest_route=\/wp\/v2\/pages\/27\/revisions"}],"predecessor-version":[{"id":798,"href":"https:\/\/8enhc3enhq.web.ua.pt\/index.php?rest_route=\/wp\/v2\/pages\/27\/revisions\/798"}],"wp:attachment":[{"href":"https:\/\/8enhc3enhq.web.ua.pt\/index.php?rest_route=%2Fwp%2Fv2%2Fmedia&parent=27"}],"curies":[{"name":"wp","href":"https:\/\/api.w.org\/{rel}","templated":true}]}}