{"id":392,"date":"2025-02-24T11:33:39","date_gmt":"2025-02-24T11:33:39","guid":{"rendered":"https:\/\/8enhc3enhq.web.ua.pt\/?page_id=392"},"modified":"2025-04-28T09:51:18","modified_gmt":"2025-04-28T09:51:18","slug":"inscricoes_e_pagamentos","status":"publish","type":"page","link":"https:\/\/8enhc3enhq.web.ua.pt\/?page_id=392","title":{"rendered":"Inscri\u00e7\u00f5es e Pagamentos"},"content":{"rendered":"\n<figure class=\"wp-block-image size-large\"><img loading=\"lazy\" decoding=\"async\" width=\"1024\" height=\"371\" src=\"https:\/\/8enhc3enhq.web.ua.pt\/wp-content\/uploads\/2025\/01\/202501_imagem-evento_02_part-2-1024x371.png\" alt=\"\" class=\"wp-image-422\" srcset=\"https:\/\/8enhc3enhq.web.ua.pt\/wp-content\/uploads\/2025\/01\/202501_imagem-evento_02_part-2-1024x371.png 1024w, https:\/\/8enhc3enhq.web.ua.pt\/wp-content\/uploads\/2025\/01\/202501_imagem-evento_02_part-2-300x109.png 300w, https:\/\/8enhc3enhq.web.ua.pt\/wp-content\/uploads\/2025\/01\/202501_imagem-evento_02_part-2-768x278.png 768w, https:\/\/8enhc3enhq.web.ua.pt\/wp-content\/uploads\/2025\/01\/202501_imagem-evento_02_part-2-1536x557.png 1536w, https:\/\/8enhc3enhq.web.ua.pt\/wp-content\/uploads\/2025\/01\/202501_imagem-evento_02_part-2-2048x743.png 2048w\" sizes=\"auto, (max-width: 1024px) 100vw, 1024px\" \/><\/figure>\n\n\n\n<div style=\"height:30px\" aria-hidden=\"true\" class=\"wp-block-spacer\"><\/div>\n\n\n\n<div class=\"wp-block-buttons is-layout-flex wp-block-buttons-is-layout-flex\">\n<div class=\"wp-block-button\"><a class=\"wp-block-button__link wp-element-button\" href=\"https:\/\/forms.ua.pt\/index.php?r=survey\/index&amp;sid=886889&amp;lang=pt\" target=\"_blank\" rel=\"noreferrer noopener\">Formul\u00e1rio de Inscri\u00e7\u00e3o e Submiss\u00e3o<\/a><\/div>\n<\/div>\n\n\n\n<p><strong>Nota:<\/strong> Em &#8220;participa\u00e7\u00e3o&#8221;, escolhendo &#8220;sim&#8221; na quest\u00e3o &#8220;Participa\u00e7\u00e3o com comunica\u00e7\u00e3o?&#8221;, ter\u00e1 acesso a um campo para upload de ficheiros, onde pode fazer. <strong>Para mais informa\u00e7\u00f5es sobre submiss\u00e3o de propostas verificar a p\u00e1gina &#8220;<a href=\"https:\/\/8enhc3enhq.web.ua.pt\/?page_id=126\" target=\"_blank\" rel=\"noreferrer noopener\">Submiss\u00f5es e Datas importantes<\/a>&#8220;.<\/strong><\/p>\n\n\n\n<div style=\"height:50px\" aria-hidden=\"true\" class=\"wp-block-spacer\"><\/div>\n\n\n\n<h2 class=\"wp-block-heading has-accent-3-color has-text-color has-link-color wp-elements-9a7b4a012e1e1d268c17f03e7f1a59ca\"><strong>Valores<\/strong><\/h2>\n\n\n\n<div style=\"height:20px\" aria-hidden=\"true\" class=\"wp-block-spacer\"><\/div>\n\n\n\n<figure class=\"wp-block-table\"><table class=\"has-fixed-layout\"><tbody><tr><td class=\"has-text-align-left\" data-align=\"left\"><strong>At\u00e9 <\/strong><s>15 de junho<\/s><strong> 22 de junho 2025<\/strong><\/td><td class=\"has-text-align-left\" data-align=\"left\"><strong>At\u00e9 20 de julho 2025<\/strong><\/td><\/tr><tr><td class=\"has-text-align-left\" data-align=\"left\">Estudantes*: 80 euros<\/td><td class=\"has-text-align-left\" data-align=\"left\">Tardia: 100 euros<\/td><\/tr><tr><td class=\"has-text-align-left\" data-align=\"left\">Normal: 100 euros<\/td><td class=\"has-text-align-left\" data-align=\"left\">Tardia: 130 euros<\/td><\/tr><\/tbody><\/table><\/figure>\n\n\n\n<p>*Devem <strong>enviar comprovativo<\/strong> da sua condi\u00e7\u00e3o de estudante<\/p>\n\n\n\n<div style=\"height:50px\" aria-hidden=\"true\" class=\"wp-block-spacer\"><\/div>\n\n\n\n<h2 class=\"wp-block-heading has-accent-3-color has-text-color has-link-color wp-elements-e110c9a0ef0106d255a92d998002eafe\"><strong>Pagamento<\/strong> <\/h2>\n\n\n\n<div style=\"height:20px\" aria-hidden=\"true\" class=\"wp-block-spacer\"><\/div>\n\n\n\n<p><strong>Por transfer\u00eancia banc\u00e1ria<\/strong><\/p>\n\n\n\n<p><strong>IMPORTANTE<\/strong>: Ap\u00f3s efetuar a transfer\u00eancia banc\u00e1ria, \u00e9 <strong>obrigat\u00f3rio enviar<\/strong> o comprovativo do pagamento, de forma a <strong>validar a inscri\u00e7\u00e3o do Encontro<\/strong>, para o email: <strong>fis-8enhct@ua.pt<\/strong><\/p>\n\n\n\n<p>Se o nome do titular da conta n\u00e3o coincidir com o nome do(s) participante(s) no Encontro, \u00e9 favor indicar o(s) nome(s) dos participante(s) e o nome do titular da conta.<\/p>\n\n\n\n<p><strong>Nome <\/strong>UNIVERSIDADE AVEIRO<\/p>\n\n\n\n<p><strong>Conta<\/strong> 0361002885330 &#8211; EUR &#8211; Conta Extrato<\/p>\n\n\n\n<p>Titulares UNIVERSIDADE AVEIRO<\/p>\n\n\n\n<p><strong>IBAN:<\/strong>&nbsp;PT50 0035 0361 00002885330 45&nbsp;<\/p>\n\n\n\n<p><strong>BIC SWIFT:<\/strong>&nbsp;CGDIPTPL&nbsp;<\/p>\n\n\n\n<p><strong>Banco:<\/strong>&nbsp;Caixa Geral de Dep\u00f3sitos&nbsp;<\/p>\n\n\n\n<p><strong>Endere\u00e7o:&nbsp;<\/strong>Rua Dr. M\u00e1rio Sacramento, 177, 3810-106 Aveiro&nbsp;<\/p>\n\n\n\n<p><strong>Refer\u00eancia:<\/strong>&nbsp; 8ENHC-3ENHQ<\/p>\n\n\n\n<ol start=\"1\" class=\"wp-block-list\">\n<li>NOME (primeiro e \u00faltimo) _ 8ENHC-3ENHQ<\/li>\n\n\n\n<li>C\u00f3pia da transfer\u00eancia\/pagamento para o DFis (<a href=\"mailto:afonso@ua.pt\">afonso@ua.pt<\/a>) &nbsp;para ser identificada a Receita e ser emitida a Fatura-Recibo.<\/li>\n\n\n\n<li>Se necess\u00e1rio, poder\u00e1 emitir-se Fatura ou Invoice antes do pagamento, mas dever\u00e1 ser antecipadamente pedida com os seguintes dados:<\/li>\n<\/ol>\n\n\n\n<p><\/p>\n\n\n\n<p>i. Nome da entidade<\/p>\n\n\n\n<p>ii. NIF da entidade<\/p>\n\n\n\n<p>iii. Nome do participante<\/p>\n\n\n\n<p>iv. Morada da entidade<\/p>\n\n\n\n<p>v. Descritivo da confer\u00eancia<\/p>\n\n\n\n<p>vi. Tipo de inscri\u00e7\u00e3o (normal, estudante; tardia)<\/p>\n","protected":false},"excerpt":{"rendered":"<p>Nota: Em &#8220;participa\u00e7\u00e3o&#8221;, escolhendo &#8220;sim&#8221; na quest\u00e3o &#8220;Participa\u00e7\u00e3o com comunica\u00e7\u00e3o?&#8221;, ter\u00e1 acesso a um campo para upload de ficheiros, onde pode fazer. Para mais informa\u00e7\u00f5es sobre submiss\u00e3o de propostas verificar a p\u00e1gina &#8220;Submiss\u00f5es e Datas importantes&#8220;. Valores At\u00e9 15 de junho 22 de junho 2025 At\u00e9 20 de julho 2025 Estudantes*: 80 euros Tardia: 100 [&hellip;]<\/p>\n","protected":false},"author":3,"featured_media":0,"parent":0,"menu_order":6,"comment_status":"closed","ping_status":"closed","template":"","meta":{"footnotes":""},"class_list":["post-392","page","type-page","status-publish","hentry"],"_links":{"self":[{"href":"https:\/\/8enhc3enhq.web.ua.pt\/index.php?rest_route=\/wp\/v2\/pages\/392","targetHints":{"allow":["GET"]}}],"collection":[{"href":"https:\/\/8enhc3enhq.web.ua.pt\/index.php?rest_route=\/wp\/v2\/pages"}],"about":[{"href":"https:\/\/8enhc3enhq.web.ua.pt\/index.php?rest_route=\/wp\/v2\/types\/page"}],"author":[{"embeddable":true,"href":"https:\/\/8enhc3enhq.web.ua.pt\/index.php?rest_route=\/wp\/v2\/users\/3"}],"replies":[{"embeddable":true,"href":"https:\/\/8enhc3enhq.web.ua.pt\/index.php?rest_route=%2Fwp%2Fv2%2Fcomments&post=392"}],"version-history":[{"count":13,"href":"https:\/\/8enhc3enhq.web.ua.pt\/index.php?rest_route=\/wp\/v2\/pages\/392\/revisions"}],"predecessor-version":[{"id":824,"href":"https:\/\/8enhc3enhq.web.ua.pt\/index.php?rest_route=\/wp\/v2\/pages\/392\/revisions\/824"}],"wp:attachment":[{"href":"https:\/\/8enhc3enhq.web.ua.pt\/index.php?rest_route=%2Fwp%2Fv2%2Fmedia&parent=392"}],"curies":[{"name":"wp","href":"https:\/\/api.w.org\/{rel}","templated":true}]}}