{"id":54,"date":"2024-12-10T10:54:32","date_gmt":"2024-12-10T10:54:32","guid":{"rendered":"https:\/\/8enhc3enhq.web.ua.pt\/?page_id=54"},"modified":"2025-09-01T15:00:37","modified_gmt":"2025-09-01T15:00:37","slug":"54-2","status":"publish","type":"page","link":"https:\/\/8enhc3enhq.web.ua.pt\/","title":{"rendered":"Home"},"content":{"rendered":"\n<div class=\"wp-block-group alignfull has-global-padding is-layout-constrained wp-container-core-group-is-layout-2 wp-block-group-is-layout-constrained\" style=\"padding-top:var(--wp--preset--spacing--20);padding-right:var(--wp--preset--spacing--50);padding-bottom:var(--wp--preset--spacing--20);padding-left:var(--wp--preset--spacing--50)\">\n<div class=\"wp-block-group has-global-padding is-layout-constrained wp-container-core-group-is-layout-1 wp-block-group-is-layout-constrained\">\n<h1 class=\"wp-block-heading has-text-align-center has-x-large-font-size\"><strong>8.\u00ba Encontro Nacional de Hist\u00f3ria das Ci\u00eancias e Tecnologia<br>3.\u00ba Encontro Nacional de Hist\u00f3ria da Qu\u00edmica<\/strong><\/h1>\n\n\n\n<div style=\"height:20px\" aria-hidden=\"true\" class=\"wp-block-spacer\"><\/div>\n\n\n\n<h4 class=\"wp-block-heading has-text-align-center\"><strong>Ci\u00eancia, Tecnologia e Medicina:<br>\u2018Contos velhos, Rumos novos\u2019<\/strong><\/h4>\n\n\n\n<div style=\"height:20px\" aria-hidden=\"true\" class=\"wp-block-spacer\"><\/div>\n\n\n\n<p class=\"has-text-align-center\"><strong>1-2-3 setembro 2025 * Universidade de Aveiro<\/strong><\/p>\n\n\n\n<div style=\"height:1.25rem\" aria-hidden=\"true\" class=\"wp-block-spacer\"><\/div>\n\n\n\n<p class=\"has-text-align-center\">O 8.\u00ba Encontro Nacional de Hist\u00f3ria das Ci\u00eancia e Tecnologia decorrer\u00e1 na Universidade de Aveiro, entre 1 e 3 de setembro de 2025. Em simult\u00e2neo, realizar-se-\u00e1 o 3.\u00ba Encontro Nacional de Hist\u00f3ria da Qu\u00edmica, pela primeira vez em formato presencial, dado o \u00e2mbito tem\u00e1tico e converg\u00eancia temporal\u2026<\/p>\n\n\n\n<div style=\"height:1.25rem\" aria-hidden=\"true\" class=\"wp-block-spacer\"><\/div>\n\n\n\n<div class=\"wp-block-buttons is-content-justification-center is-layout-flex wp-container-core-buttons-is-layout-1 wp-block-buttons-is-layout-flex\">\n<div class=\"wp-block-button\"><a class=\"wp-block-button__link wp-element-button\" href=\"https:\/\/8enhc3enhq.web.ua.pt\/?page_id=27\" target=\"_blank\" rel=\"noreferrer noopener\">saber mais<\/a><\/div>\n<\/div>\n<\/div>\n\n\n\n<div style=\"height:50px\" aria-hidden=\"true\" class=\"wp-block-spacer\"><\/div>\n<\/div>\n\n\n\n<div class=\"wp-block-group alignfull has-accent-3-background-color has-background is-vertical is-content-justification-center is-layout-flex wp-container-core-group-is-layout-4 wp-block-group-is-layout-flex\" style=\"min-height:50vh;margin-top:0;margin-bottom:0;padding-top:var(--wp--preset--spacing--50);padding-right:var(--wp--preset--spacing--50);padding-bottom:var(--wp--preset--spacing--50);padding-left:var(--wp--preset--spacing--50)\">\n<div class=\"wp-block-group has-global-padding is-layout-constrained wp-block-group-is-layout-constrained\">\n<div style=\"height:var(--wp--preset--spacing--10)\" aria-hidden=\"true\" class=\"wp-block-spacer\"><\/div>\n\n\n\n<h2 class=\"wp-block-heading has-text-align-center has-contrast-color has-text-color has-link-color has-x-large-font-size wp-elements-84df7c13f77f0a85a8f82de3c8827e66\" style=\"margin-right:0;margin-left:0;padding-right:0;padding-left:0\">Livro de Resumos<\/h2>\n\n\n\n<p class=\"has-text-align-center\">J\u00e1 dispon\u00edvel no bot\u00e3o abaixo.<\/p>\n\n\n\n<div style=\"height:var(--wp--preset--spacing--10)\" aria-hidden=\"true\" class=\"wp-block-spacer\"><\/div>\n\n\n\n<div class=\"wp-block-buttons is-content-justification-center is-layout-flex wp-container-core-buttons-is-layout-2 wp-block-buttons-is-layout-flex\">\n<div class=\"wp-block-button\"><a class=\"wp-block-button__link wp-element-button\" href=\"https:\/\/8enhc3enhq.web.ua.pt\/wp-content\/uploads\/2025\/09\/8enhct_3enhq_livro-resumos.pdf\">Descarregue aqui<\/a><\/div>\n<\/div>\n<\/div>\n<\/div>\n\n\n\n<div style=\"height:50px\" aria-hidden=\"true\" class=\"wp-block-spacer\"><\/div>\n\n\n\n<figure class=\"wp-block-image alignwide size-full is-style-rounded is-style-rounded--1\"><img loading=\"lazy\" decoding=\"async\" width=\"4961\" height=\"3508\" src=\"https:\/\/8enhc3enhq.web.ua.pt\/wp-content\/uploads\/2025\/01\/202501_imagem-evento_02-1.png\" alt=\"\" class=\"wp-image-308\" srcset=\"https:\/\/8enhc3enhq.web.ua.pt\/wp-content\/uploads\/2025\/01\/202501_imagem-evento_02-1.png 4961w, https:\/\/8enhc3enhq.web.ua.pt\/wp-content\/uploads\/2025\/01\/202501_imagem-evento_02-1-300x212.png 300w, https:\/\/8enhc3enhq.web.ua.pt\/wp-content\/uploads\/2025\/01\/202501_imagem-evento_02-1-1024x724.png 1024w, https:\/\/8enhc3enhq.web.ua.pt\/wp-content\/uploads\/2025\/01\/202501_imagem-evento_02-1-768x543.png 768w, https:\/\/8enhc3enhq.web.ua.pt\/wp-content\/uploads\/2025\/01\/202501_imagem-evento_02-1-1536x1086.png 1536w, https:\/\/8enhc3enhq.web.ua.pt\/wp-content\/uploads\/2025\/01\/202501_imagem-evento_02-1-2048x1448.png 2048w\" sizes=\"auto, (max-width: 4961px) 100vw, 4961px\" \/><\/figure>\n","protected":false},"excerpt":{"rendered":"<p>8.\u00ba Encontro Nacional de Hist\u00f3ria das Ci\u00eancias e Tecnologia3.\u00ba Encontro Nacional de Hist\u00f3ria da Qu\u00edmica Ci\u00eancia, Tecnologia e Medicina:\u2018Contos velhos, Rumos novos\u2019 1-2-3 setembro 2025 * Universidade de Aveiro O 8.\u00ba Encontro Nacional de Hist\u00f3ria das Ci\u00eancia e Tecnologia decorrer\u00e1 na Universidade de Aveiro, entre 1 e 3 de setembro de 2025. Em simult\u00e2neo, realizar-se-\u00e1 [&hellip;]<\/p>\n","protected":false},"author":1,"featured_media":0,"parent":0,"menu_order":0,"comment_status":"closed","ping_status":"closed","template":"","meta":{"footnotes":""},"class_list":["post-54","page","type-page","status-publish","hentry"],"_links":{"self":[{"href":"https:\/\/8enhc3enhq.web.ua.pt\/index.php?rest_route=\/wp\/v2\/pages\/54","targetHints":{"allow":["GET"]}}],"collection":[{"href":"https:\/\/8enhc3enhq.web.ua.pt\/index.php?rest_route=\/wp\/v2\/pages"}],"about":[{"href":"https:\/\/8enhc3enhq.web.ua.pt\/index.php?rest_route=\/wp\/v2\/types\/page"}],"author":[{"embeddable":true,"href":"https:\/\/8enhc3enhq.web.ua.pt\/index.php?rest_route=\/wp\/v2\/users\/1"}],"replies":[{"embeddable":true,"href":"https:\/\/8enhc3enhq.web.ua.pt\/index.php?rest_route=%2Fwp%2Fv2%2Fcomments&post=54"}],"version-history":[{"count":26,"href":"https:\/\/8enhc3enhq.web.ua.pt\/index.php?rest_route=\/wp\/v2\/pages\/54\/revisions"}],"predecessor-version":[{"id":989,"href":"https:\/\/8enhc3enhq.web.ua.pt\/index.php?rest_route=\/wp\/v2\/pages\/54\/revisions\/989"}],"wp:attachment":[{"href":"https:\/\/8enhc3enhq.web.ua.pt\/index.php?rest_route=%2Fwp%2Fv2%2Fmedia&parent=54"}],"curies":[{"name":"wp","href":"https:\/\/api.w.org\/{rel}","templated":true}]}}